{"id":4534,"date":"2022-01-25T11:54:13","date_gmt":"2022-01-25T10:54:13","guid":{"rendered":"https:\/\/www.climax-fishingline.de\/produits\/cult-feeder\/"},"modified":"2024-04-25T12:49:29","modified_gmt":"2024-04-25T10:49:29","slug":"cult-feeder","status":"publish","type":"page","link":"https:\/\/lines.climax-fishingline.de\/fr\/produits\/cult-feeder\/","title":{"rendered":"CULT Feeder"},"content":{"rendered":"<p>[vc_row heading_color=\u00a0\u00bblight\u00a0\u00bb padding_top_multiplier=\u00a0\u00bb4x\u00a0\u00bb padding_bottom_multiplier=\u00a0\u00bb4x\u00a0\u00bb section_id=\u00a0\u00bbcorpsdeligne\u00a0\u00bb el_class=\u00a0\u00bbultra\u00a0\u00bb][vc_column]<h1 class=\"eut-element eut-title eut-align-center eut-h1 eut-custom-font-1\" style=\"margin-bottom: 0.5em;\"><span>Corps de ligne<span class=\"eut-title-line eut-bg-primary-6\" style=\"width: 150px;height: 8px;\"><\/span><\/span><\/h1>[vc_column_text text_style=\u00a0\u00bbleader-text\u00a0\u00bb css=\u00a0\u00bb.vc_custom_1643108114698{margin-bottom: 4em !important;}\u00a0\u00bb]<br \/>\nCorps de ligne sp\u00e9cialis\u00e9s de haute qualit\u00e9 pour la p\u00eache au Feeder\u00a0!<br \/>\n[\/vc_column_text]\t\t\t<div class=\"eut-element eut-with-gap eut-portfolio eut-isotope\" style=\"\" data-spinner=\"no\" data-columns=\"2\" data-columns-large-screen=\"3\" data-columns-tablet-landscape=\"2\" data-columns-tablet-portrait=\"2\" data-columns-mobile=\"1\" data-layout=\"fitRows\" data-gutter-size=\"30\">\r\n\t\t\r\n\t\t\t<div class=\"eut-isotope-container\">\r\n\t\t\t\t\t\t\t<article id=\"portfolio-4542-69f11f36bfafa\" class=\"eut-isotope-item eut-portfolio-item  post-4542 portfolio type-portfolio status-publish has-post-thumbnail hentry portfolio_category-cult-feeder-corpsdeligne\">\r\n\t\t\t\t\t\t<div class=\"eut-isotope-item-inner eut-hover-item eut-zoom-in eut-hover-style-2\">\t\t\t\t\t\t\t\t\t<figure class=\"eut-image-hover eut-media eut-zoom-in\">\r\n\t\t\t\t\t\t\t\t\t\t<a class=\"eut-item-url\" href=\"https:\/\/lines.climax-fishingline.de\/fr\/produkt\/cult-feeder-fc-distance-mono\/\"><\/a>\t\t\t\t\t\t\t\t\t\t\t\t\t\t\t\t\t\t\t\t\t<div class=\"eut-bg-dark eut-hover-overlay eut-opacity-80\"><\/div>\r\n\t\t\t\t\t\t\t\t\t\t\t\t\t\t\t\t\t\t\t\t<img loading=\"lazy\" decoding=\"async\" width=\"900\" height=\"675\" src=\"https:\/\/lines.climax-fishingline.de\/wp-content\/uploads\/climax-cultfeeder-fcdistance-komplett-900x675.jpg\" class=\"attachment-fildisi-eutf-medium-rect-horizontal size-fildisi-eutf-medium-rect-horizontal\" alt=\"\" srcset=\"https:\/\/lines.climax-fishingline.de\/wp-content\/uploads\/climax-cultfeeder-fcdistance-komplett-900x675.jpg 900w, https:\/\/lines.climax-fishingline.de\/wp-content\/uploads\/climax-cultfeeder-fcdistance-komplett-300x225.jpg 300w, https:\/\/lines.climax-fishingline.de\/wp-content\/uploads\/climax-cultfeeder-fcdistance-komplett-768x576.jpg 768w, https:\/\/lines.climax-fishingline.de\/wp-content\/uploads\/climax-cultfeeder-fcdistance-komplett-1024x768.jpg 1024w, https:\/\/lines.climax-fishingline.de\/wp-content\/uploads\/climax-cultfeeder-fcdistance-komplett-560x420.jpg 560w, https:\/\/lines.climax-fishingline.de\/wp-content\/uploads\/climax-cultfeeder-fcdistance-komplett.jpg 1600w\" sizes=\"(max-width: 900px) 100vw, 900px\" \/>\t\t\t\t\t\t\t\t\t\t\t\t\t\t\t\t\t\t\t\t<figcaption class=\"eut-content eut-align-center\">\r\n\t\t\t\t\t\t\t\t\t\t\t\t\t\t\t\t\t\t\t\t\t\t<h2 class=\"eut-title eut-text-white eut-h3\">CULT Feeder FC Distance Mono<\/h2>\r\n\t\t\t\t\t\t\t\t\t\t\t\t\t\t\t\t\t\t\t\t\t\t\t\t\t\t\t\t\t\t\t\t\t\t\t\t\t\t\t\t\t\t\t<\/figcaption>\r\n\t\t\t\t\t\t\t\t\t\t\t\t\t\t\t\t\t\t\t<\/figure>\r\n\t\t\t\t\t\t\t\t\t\t\t\t\t<\/div>\r\n\t\t\t\t\t<\/article>\r\n\t\t\t\t\t<article id=\"portfolio-4544-69f11f36c09f5\" class=\"eut-isotope-item eut-portfolio-item  post-4544 portfolio type-portfolio status-publish has-post-thumbnail hentry portfolio_category-cult-feeder-corpsdeligne\">\r\n\t\t\t\t\t\t<div class=\"eut-isotope-item-inner eut-hover-item eut-zoom-in eut-hover-style-2\">\t\t\t\t\t\t\t\t\t<figure class=\"eut-image-hover eut-media eut-zoom-in\">\r\n\t\t\t\t\t\t\t\t\t\t<a class=\"eut-item-url\" href=\"https:\/\/lines.climax-fishingline.de\/fr\/produkt\/cult-feeder-method-carp-mono\/\"><\/a>\t\t\t\t\t\t\t\t\t\t\t\t\t\t\t\t\t\t\t\t\t<div class=\"eut-bg-dark eut-hover-overlay eut-opacity-80\"><\/div>\r\n\t\t\t\t\t\t\t\t\t\t\t\t\t\t\t\t\t\t\t\t<img loading=\"lazy\" decoding=\"async\" width=\"900\" height=\"675\" src=\"https:\/\/lines.climax-fishingline.de\/wp-content\/uploads\/climax-cultfeeder-methodcarp-komplett-900x675.jpg\" class=\"attachment-fildisi-eutf-medium-rect-horizontal size-fildisi-eutf-medium-rect-horizontal\" alt=\"\" srcset=\"https:\/\/lines.climax-fishingline.de\/wp-content\/uploads\/climax-cultfeeder-methodcarp-komplett-900x675.jpg 900w, https:\/\/lines.climax-fishingline.de\/wp-content\/uploads\/climax-cultfeeder-methodcarp-komplett-300x225.jpg 300w, https:\/\/lines.climax-fishingline.de\/wp-content\/uploads\/climax-cultfeeder-methodcarp-komplett-768x576.jpg 768w, https:\/\/lines.climax-fishingline.de\/wp-content\/uploads\/climax-cultfeeder-methodcarp-komplett-1024x768.jpg 1024w, https:\/\/lines.climax-fishingline.de\/wp-content\/uploads\/climax-cultfeeder-methodcarp-komplett-560x420.jpg 560w, https:\/\/lines.climax-fishingline.de\/wp-content\/uploads\/climax-cultfeeder-methodcarp-komplett.jpg 1600w\" sizes=\"(max-width: 900px) 100vw, 900px\" \/>\t\t\t\t\t\t\t\t\t\t\t\t\t\t\t\t\t\t\t\t<figcaption class=\"eut-content eut-align-center\">\r\n\t\t\t\t\t\t\t\t\t\t\t\t\t\t\t\t\t\t\t\t\t\t<h2 class=\"eut-title eut-text-white eut-h3\">CULT Feeder Method Carp Mono<\/h2>\r\n\t\t\t\t\t\t\t\t\t\t\t\t\t\t\t\t\t\t\t\t\t\t\t\t\t\t\t\t\t\t\t\t\t\t\t\t\t\t\t\t\t\t\t<\/figcaption>\r\n\t\t\t\t\t\t\t\t\t\t\t\t\t\t\t\t\t\t\t<\/figure>\r\n\t\t\t\t\t\t\t\t\t\t\t\t\t<\/div>\r\n\t\t\t\t\t<\/article>\r\n\t\t\t\t\t<article id=\"portfolio-4546-69f11f36c17d0\" class=\"eut-isotope-item eut-portfolio-item  post-4546 portfolio type-portfolio status-publish has-post-thumbnail hentry portfolio_category-cult-feeder-corpsdeligne\">\r\n\t\t\t\t\t\t<div class=\"eut-isotope-item-inner eut-hover-item eut-zoom-in eut-hover-style-2\">\t\t\t\t\t\t\t\t\t<figure class=\"eut-image-hover eut-media eut-zoom-in\">\r\n\t\t\t\t\t\t\t\t\t\t<a class=\"eut-item-url\" href=\"https:\/\/lines.climax-fishingline.de\/fr\/produkt\/cult-feeder-bottom-braid\/\"><\/a>\t\t\t\t\t\t\t\t\t\t\t\t\t\t\t\t\t\t\t\t\t<div class=\"eut-bg-dark eut-hover-overlay eut-opacity-80\"><\/div>\r\n\t\t\t\t\t\t\t\t\t\t\t\t\t\t\t\t\t\t\t\t<img loading=\"lazy\" decoding=\"async\" width=\"900\" height=\"675\" src=\"https:\/\/lines.climax-fishingline.de\/wp-content\/uploads\/climax-cultfeeder-bottombraid-komplett-900x675.jpg\" class=\"attachment-fildisi-eutf-medium-rect-horizontal size-fildisi-eutf-medium-rect-horizontal\" alt=\"\" srcset=\"https:\/\/lines.climax-fishingline.de\/wp-content\/uploads\/climax-cultfeeder-bottombraid-komplett-900x675.jpg 900w, https:\/\/lines.climax-fishingline.de\/wp-content\/uploads\/climax-cultfeeder-bottombraid-komplett-300x225.jpg 300w, https:\/\/lines.climax-fishingline.de\/wp-content\/uploads\/climax-cultfeeder-bottombraid-komplett-768x576.jpg 768w, https:\/\/lines.climax-fishingline.de\/wp-content\/uploads\/climax-cultfeeder-bottombraid-komplett-1024x768.jpg 1024w, https:\/\/lines.climax-fishingline.de\/wp-content\/uploads\/climax-cultfeeder-bottombraid-komplett-560x420.jpg 560w, https:\/\/lines.climax-fishingline.de\/wp-content\/uploads\/climax-cultfeeder-bottombraid-komplett.jpg 1600w\" sizes=\"(max-width: 900px) 100vw, 900px\" \/>\t\t\t\t\t\t\t\t\t\t\t\t\t\t\t\t\t\t\t\t<figcaption class=\"eut-content eut-align-center\">\r\n\t\t\t\t\t\t\t\t\t\t\t\t\t\t\t\t\t\t\t\t\t\t<h2 class=\"eut-title eut-text-white eut-h3\">CULT Feeder Bottom Braid<\/h2>\r\n\t\t\t\t\t\t\t\t\t\t\t\t\t\t\t\t\t\t\t\t\t\t\t\t\t\t\t\t\t\t\t\t\t\t\t\t\t\t\t\t\t\t\t<\/figcaption>\r\n\t\t\t\t\t\t\t\t\t\t\t\t\t\t\t\t\t\t\t<\/figure>\r\n\t\t\t\t\t\t\t\t\t\t\t\t\t<\/div>\r\n\t\t\t\t\t<\/article>\r\n\t\t\t\t<\/div>\r\n\t\t\t<\/div>\r\n\r\n\t\t[\/vc_column][\/vc_row][vc_row heading_color=\u00a0\u00bblight\u00a0\u00bb bg_type=\u00a0\u00bbcolor\u00a0\u00bb padding_top_multiplier=\u00a0\u00bb4x\u00a0\u00bb padding_bottom_multiplier=\u00a0\u00bb4x\u00a0\u00bb section_id=\u00a0\u00bbbasdeligne\u00a0\u00bb el_class=\u00a0\u00bbsection-border ultra\u00a0\u00bb bg_color=\u00a0\u00bb#131a20&Prime;][vc_column]<h1 class=\"eut-element eut-title eut-align-center eut-h1 eut-custom-font-1\" style=\"margin-bottom: 0.5em;\"><span>Bas de ligne<span class=\"eut-title-line eut-bg-primary-6\" style=\"width: 150px;height: 8px;\"><\/span><\/span><\/h1><div class=\"eut-empty-space eut-height-2x\" style=\"\"><\/div>\t\t\t<div class=\"eut-element eut-with-gap eut-portfolio eut-isotope\" style=\"\" data-spinner=\"no\" data-columns=\"2\" data-columns-large-screen=\"3\" data-columns-tablet-landscape=\"2\" data-columns-tablet-portrait=\"2\" data-columns-mobile=\"1\" data-layout=\"fitRows\" data-gutter-size=\"30\">\r\n\t\t\r\n\t\t\t<div class=\"eut-isotope-container\">\r\n\t\t\t\t\t\t\t<article id=\"portfolio-4548-69f11f36c45a9\" class=\"eut-isotope-item eut-portfolio-item  post-4548 portfolio type-portfolio status-publish has-post-thumbnail hentry portfolio_category-cult-feeder-basdeligne\">\r\n\t\t\t\t\t\t<div class=\"eut-isotope-item-inner eut-hover-item eut-zoom-in eut-hover-style-2\">\t\t\t\t\t\t\t\t\t<figure class=\"eut-image-hover eut-media eut-zoom-in\">\r\n\t\t\t\t\t\t\t\t\t\t<a class=\"eut-item-url\" href=\"https:\/\/lines.climax-fishingline.de\/fr\/produkt\/cult-feeder-droplink\/\"><\/a>\t\t\t\t\t\t\t\t\t\t\t\t\t\t\t\t\t\t\t\t\t<div class=\"eut-bg-dark eut-hover-overlay eut-opacity-80\"><\/div>\r\n\t\t\t\t\t\t\t\t\t\t\t\t\t\t\t\t\t\t\t\t<img loading=\"lazy\" decoding=\"async\" width=\"900\" height=\"675\" src=\"https:\/\/lines.climax-fishingline.de\/wp-content\/uploads\/climax-cultfeeder-droplink-komplett-900x675.jpg\" class=\"attachment-fildisi-eutf-medium-rect-horizontal size-fildisi-eutf-medium-rect-horizontal\" alt=\"\" srcset=\"https:\/\/lines.climax-fishingline.de\/wp-content\/uploads\/climax-cultfeeder-droplink-komplett-900x675.jpg 900w, https:\/\/lines.climax-fishingline.de\/wp-content\/uploads\/climax-cultfeeder-droplink-komplett-300x225.jpg 300w, https:\/\/lines.climax-fishingline.de\/wp-content\/uploads\/climax-cultfeeder-droplink-komplett-768x576.jpg 768w, https:\/\/lines.climax-fishingline.de\/wp-content\/uploads\/climax-cultfeeder-droplink-komplett-1024x768.jpg 1024w, https:\/\/lines.climax-fishingline.de\/wp-content\/uploads\/climax-cultfeeder-droplink-komplett-560x420.jpg 560w, https:\/\/lines.climax-fishingline.de\/wp-content\/uploads\/climax-cultfeeder-droplink-komplett.jpg 1600w\" sizes=\"(max-width: 900px) 100vw, 900px\" \/>\t\t\t\t\t\t\t\t\t\t\t\t\t\t\t\t\t\t\t\t<figcaption class=\"eut-content eut-align-center\">\r\n\t\t\t\t\t\t\t\t\t\t\t\t\t\t\t\t\t\t\t\t\t\t<h2 class=\"eut-title eut-text-white eut-h3\">CULT Feeder Droplink<\/h2>\r\n\t\t\t\t\t\t\t\t\t\t\t\t\t\t\t\t\t\t\t\t\t\t\t\t\t\t\t\t\t\t\t\t\t\t\t\t\t\t\t\t\t\t\t<\/figcaption>\r\n\t\t\t\t\t\t\t\t\t\t\t\t\t\t\t\t\t\t\t<\/figure>\r\n\t\t\t\t\t\t\t\t\t\t\t\t\t<\/div>\r\n\t\t\t\t\t<\/article>\r\n\t\t\t\t\t<article id=\"portfolio-4550-69f11f36c513a\" class=\"eut-isotope-item eut-portfolio-item  post-4550 portfolio type-portfolio status-publish has-post-thumbnail hentry portfolio_category-cult-feeder-basdeligne\">\r\n\t\t\t\t\t\t<div class=\"eut-isotope-item-inner eut-hover-item eut-zoom-in eut-hover-style-2\">\t\t\t\t\t\t\t\t\t<figure class=\"eut-image-hover eut-media eut-zoom-in\">\r\n\t\t\t\t\t\t\t\t\t\t<a class=\"eut-item-url\" href=\"https:\/\/lines.climax-fishingline.de\/fr\/produkt\/cult-feeder-gravilink\/\"><\/a>\t\t\t\t\t\t\t\t\t\t\t\t\t\t\t\t\t\t\t\t\t<div class=\"eut-bg-dark eut-hover-overlay eut-opacity-80\"><\/div>\r\n\t\t\t\t\t\t\t\t\t\t\t\t\t\t\t\t\t\t\t\t<img loading=\"lazy\" decoding=\"async\" width=\"900\" height=\"675\" src=\"https:\/\/lines.climax-fishingline.de\/wp-content\/uploads\/climax-cultfeeder-gravilink-komplett-900x675.jpg\" class=\"attachment-fildisi-eutf-medium-rect-horizontal size-fildisi-eutf-medium-rect-horizontal\" alt=\"\" srcset=\"https:\/\/lines.climax-fishingline.de\/wp-content\/uploads\/climax-cultfeeder-gravilink-komplett-900x675.jpg 900w, https:\/\/lines.climax-fishingline.de\/wp-content\/uploads\/climax-cultfeeder-gravilink-komplett-300x225.jpg 300w, https:\/\/lines.climax-fishingline.de\/wp-content\/uploads\/climax-cultfeeder-gravilink-komplett-768x576.jpg 768w, https:\/\/lines.climax-fishingline.de\/wp-content\/uploads\/climax-cultfeeder-gravilink-komplett-1024x768.jpg 1024w, https:\/\/lines.climax-fishingline.de\/wp-content\/uploads\/climax-cultfeeder-gravilink-komplett-560x420.jpg 560w, https:\/\/lines.climax-fishingline.de\/wp-content\/uploads\/climax-cultfeeder-gravilink-komplett.jpg 1600w\" sizes=\"(max-width: 900px) 100vw, 900px\" \/>\t\t\t\t\t\t\t\t\t\t\t\t\t\t\t\t\t\t\t\t<figcaption class=\"eut-content eut-align-center\">\r\n\t\t\t\t\t\t\t\t\t\t\t\t\t\t\t\t\t\t\t\t\t\t<h2 class=\"eut-title eut-text-white eut-h3\">CULT Feeder Gravilink<\/h2>\r\n\t\t\t\t\t\t\t\t\t\t\t\t\t\t\t\t\t\t\t\t\t\t\t\t\t\t\t\t\t\t\t\t\t\t\t\t\t\t\t\t\t\t\t<\/figcaption>\r\n\t\t\t\t\t\t\t\t\t\t\t\t\t\t\t\t\t\t\t<\/figure>\r\n\t\t\t\t\t\t\t\t\t\t\t\t\t<\/div>\r\n\t\t\t\t\t<\/article>\r\n\t\t\t\t\t<article id=\"portfolio-4552-69f11f36c5de2\" class=\"eut-isotope-item eut-portfolio-item  post-4552 portfolio type-portfolio status-publish has-post-thumbnail hentry portfolio_category-cult-feeder-basdeligne\">\r\n\t\t\t\t\t\t<div class=\"eut-isotope-item-inner eut-hover-item eut-zoom-in eut-hover-style-2\">\t\t\t\t\t\t\t\t\t<figure class=\"eut-image-hover eut-media eut-zoom-in\">\r\n\t\t\t\t\t\t\t\t\t\t<a class=\"eut-item-url\" href=\"https:\/\/lines.climax-fishingline.de\/fr\/produkt\/cult-feeder-flurocarbon-hooklink\/\"><\/a>\t\t\t\t\t\t\t\t\t\t\t\t\t\t\t\t\t\t\t\t\t<div class=\"eut-bg-dark eut-hover-overlay eut-opacity-80\"><\/div>\r\n\t\t\t\t\t\t\t\t\t\t\t\t\t\t\t\t\t\t\t\t<img loading=\"lazy\" decoding=\"async\" width=\"900\" height=\"675\" src=\"https:\/\/lines.climax-fishingline.de\/wp-content\/uploads\/climax-cultfeeder-fluorocarbon-komplett-900x675.jpg\" class=\"attachment-fildisi-eutf-medium-rect-horizontal size-fildisi-eutf-medium-rect-horizontal\" alt=\"\" srcset=\"https:\/\/lines.climax-fishingline.de\/wp-content\/uploads\/climax-cultfeeder-fluorocarbon-komplett-900x675.jpg 900w, https:\/\/lines.climax-fishingline.de\/wp-content\/uploads\/climax-cultfeeder-fluorocarbon-komplett-300x225.jpg 300w, https:\/\/lines.climax-fishingline.de\/wp-content\/uploads\/climax-cultfeeder-fluorocarbon-komplett-768x576.jpg 768w, https:\/\/lines.climax-fishingline.de\/wp-content\/uploads\/climax-cultfeeder-fluorocarbon-komplett-1024x768.jpg 1024w, https:\/\/lines.climax-fishingline.de\/wp-content\/uploads\/climax-cultfeeder-fluorocarbon-komplett-560x420.jpg 560w, https:\/\/lines.climax-fishingline.de\/wp-content\/uploads\/climax-cultfeeder-fluorocarbon-komplett.jpg 1600w\" sizes=\"(max-width: 900px) 100vw, 900px\" \/>\t\t\t\t\t\t\t\t\t\t\t\t\t\t\t\t\t\t\t\t<figcaption class=\"eut-content eut-align-center\">\r\n\t\t\t\t\t\t\t\t\t\t\t\t\t\t\t\t\t\t\t\t\t\t<h2 class=\"eut-title eut-text-white eut-h3\">CULT Feeder Flurocarbon Hooklink<\/h2>\r\n\t\t\t\t\t\t\t\t\t\t\t\t\t\t\t\t\t\t\t\t\t\t\t\t\t\t\t\t\t\t\t\t\t\t\t\t\t\t\t\t\t\t\t<\/figcaption>\r\n\t\t\t\t\t\t\t\t\t\t\t\t\t\t\t\t\t\t\t<\/figure>\r\n\t\t\t\t\t\t\t\t\t\t\t\t\t<\/div>\r\n\t\t\t\t\t<\/article>\r\n\t\t\t\t\t<article id=\"portfolio-4554-69f11f36c690f\" class=\"eut-isotope-item eut-portfolio-item  post-4554 portfolio type-portfolio status-publish has-post-thumbnail hentry portfolio_category-cult-feeder-basdeligne\">\r\n\t\t\t\t\t\t<div class=\"eut-isotope-item-inner eut-hover-item eut-zoom-in eut-hover-style-2\">\t\t\t\t\t\t\t\t\t<figure class=\"eut-image-hover eut-media eut-zoom-in\">\r\n\t\t\t\t\t\t\t\t\t\t<a class=\"eut-item-url\" href=\"https:\/\/lines.climax-fishingline.de\/fr\/produkt\/cult-feeder-hijacker-hooklink\/\"><\/a>\t\t\t\t\t\t\t\t\t\t\t\t\t\t\t\t\t\t\t\t\t<div class=\"eut-bg-dark eut-hover-overlay eut-opacity-80\"><\/div>\r\n\t\t\t\t\t\t\t\t\t\t\t\t\t\t\t\t\t\t\t\t<img loading=\"lazy\" decoding=\"async\" width=\"900\" height=\"675\" src=\"https:\/\/lines.climax-fishingline.de\/wp-content\/uploads\/climax-cultfeeder-hijacker-komplett-900x675.jpg\" class=\"attachment-fildisi-eutf-medium-rect-horizontal size-fildisi-eutf-medium-rect-horizontal\" alt=\"\" srcset=\"https:\/\/lines.climax-fishingline.de\/wp-content\/uploads\/climax-cultfeeder-hijacker-komplett-900x675.jpg 900w, https:\/\/lines.climax-fishingline.de\/wp-content\/uploads\/climax-cultfeeder-hijacker-komplett-300x225.jpg 300w, https:\/\/lines.climax-fishingline.de\/wp-content\/uploads\/climax-cultfeeder-hijacker-komplett-768x576.jpg 768w, https:\/\/lines.climax-fishingline.de\/wp-content\/uploads\/climax-cultfeeder-hijacker-komplett-1024x768.jpg 1024w, https:\/\/lines.climax-fishingline.de\/wp-content\/uploads\/climax-cultfeeder-hijacker-komplett-560x420.jpg 560w, https:\/\/lines.climax-fishingline.de\/wp-content\/uploads\/climax-cultfeeder-hijacker-komplett.jpg 1600w\" sizes=\"(max-width: 900px) 100vw, 900px\" \/>\t\t\t\t\t\t\t\t\t\t\t\t\t\t\t\t\t\t\t\t<figcaption class=\"eut-content eut-align-center\">\r\n\t\t\t\t\t\t\t\t\t\t\t\t\t\t\t\t\t\t\t\t\t\t<h2 class=\"eut-title eut-text-white eut-h3\">CULT Feeder Hijacker Hooklink<\/h2>\r\n\t\t\t\t\t\t\t\t\t\t\t\t\t\t\t\t\t\t\t\t\t\t\t\t\t\t\t\t\t\t\t\t\t\t\t\t\t\t\t\t\t\t\t<\/figcaption>\r\n\t\t\t\t\t\t\t\t\t\t\t\t\t\t\t\t\t\t\t<\/figure>\r\n\t\t\t\t\t\t\t\t\t\t\t\t\t<\/div>\r\n\t\t\t\t\t<\/article>\r\n\t\t\t\t<\/div>\r\n\t\t\t<\/div>\r\n\r\n\t\t[\/vc_column][\/vc_row]<\/p>\n","protected":false},"excerpt":{"rendered":"<p>[vc_row heading_color=\u00a0\u00bblight\u00a0\u00bb padding_top_multiplier=\u00a0\u00bb4x\u00a0\u00bb padding_bottom_multiplier=\u00a0\u00bb4x\u00a0\u00bb section_id=\u00a0\u00bbcorpsdeligne\u00a0\u00bb el_class=\u00a0\u00bbultra\u00a0\u00bb][vc_column][vc_column_text text_style=\u00a0\u00bbleader-text\u00a0\u00bb css=\u00a0\u00bb.vc_custom_1643108114698{margin-bottom: 4em !important;}\u00a0\u00bb] Corps de ligne sp\u00e9cialis\u00e9s de haute qualit\u00e9 pour la p\u00eache au Feeder\u00a0! [\/vc_column_text][\/vc_column][\/vc_row][vc_row heading_color=\u00a0\u00bblight\u00a0\u00bb bg_type=\u00a0\u00bbcolor\u00a0\u00bb padding_top_multiplier=\u00a0\u00bb4x\u00a0\u00bb padding_bottom_multiplier=\u00a0\u00bb4x\u00a0\u00bb section_id=\u00a0\u00bbbasdeligne\u00a0\u00bb el_class=\u00a0\u00bbsection-border ultra\u00a0\u00bb bg_color=\u00a0\u00bb#131a20&Prime;][vc_column][\/vc_column][\/vc_row]<\/p>\n","protected":false},"author":3,"featured_media":0,"parent":4101,"menu_order":7,"comment_status":"closed","ping_status":"closed","template":"","meta":{"_exactmetrics_skip_tracking":false,"_exactmetrics_sitenote_active":false,"_exactmetrics_sitenote_note":"","_exactmetrics_sitenote_category":0,"footnotes":""},"yst_prominent_words":[],"_links":{"self":[{"href":"https:\/\/lines.climax-fishingline.de\/fr\/wp-json\/wp\/v2\/pages\/4534"}],"collection":[{"href":"https:\/\/lines.climax-fishingline.de\/fr\/wp-json\/wp\/v2\/pages"}],"about":[{"href":"https:\/\/lines.climax-fishingline.de\/fr\/wp-json\/wp\/v2\/types\/page"}],"author":[{"embeddable":true,"href":"https:\/\/lines.climax-fishingline.de\/fr\/wp-json\/wp\/v2\/users\/3"}],"replies":[{"embeddable":true,"href":"https:\/\/lines.climax-fishingline.de\/fr\/wp-json\/wp\/v2\/comments?post=4534"}],"version-history":[{"count":6,"href":"https:\/\/lines.climax-fishingline.de\/fr\/wp-json\/wp\/v2\/pages\/4534\/revisions"}],"predecessor-version":[{"id":4785,"href":"https:\/\/lines.climax-fishingline.de\/fr\/wp-json\/wp\/v2\/pages\/4534\/revisions\/4785"}],"up":[{"embeddable":true,"href":"https:\/\/lines.climax-fishingline.de\/fr\/wp-json\/wp\/v2\/pages\/4101"}],"wp:attachment":[{"href":"https:\/\/lines.climax-fishingline.de\/fr\/wp-json\/wp\/v2\/media?parent=4534"}],"wp:term":[{"taxonomy":"yst_prominent_words","embeddable":true,"href":"https:\/\/lines.climax-fishingline.de\/fr\/wp-json\/wp\/v2\/yst_prominent_words?post=4534"}],"curies":[{"name":"wp","href":"https:\/\/api.w.org\/{rel}","templated":true}]}}