{"id":4673,"date":"2017-08-30T11:50:23","date_gmt":"2017-08-30T09:50:23","guid":{"rendered":"https:\/\/www.climax-fishingline.de\/media\/"},"modified":"2024-04-24T16:08:19","modified_gmt":"2024-04-24T14:08:19","slug":"media","status":"publish","type":"page","link":"https:\/\/lines.climax-fishingline.de\/fr\/media\/","title":{"rendered":"Media"},"content":{"rendered":"<p>[vc_row section_id=\u00a0\u00bbvideo\u00a0\u00bb][vc_column]<h1 class=\"eut-element eut-title eut-align-center eut-h1 eut-custom-font-1\" style=\"margin-bottom: 0.5em;\"><span>Video<span class=\"eut-title-line eut-bg-primary-6\" style=\"width: 150px;height: 8px;\"><\/span><\/span><\/h1><div class=\"eut-empty-space eut-height-3x\" style=\"\"><\/div>[\/vc_column][\/vc_row][vc_row section_id=\u00a0\u00bbdownloads\u00a0\u00bb][vc_column width=\u00a0\u00bb1\/3&Prime;]<div class=\"eut-element eut-video\" style=\"\"><iframe loading=\"lazy\" title=\"Machine \u00e0 bobiner Climax: \u00e9cologique, \u00e9conomique et performante !\" width=\"1080\" height=\"608\" src=\"https:\/\/www.youtube.com\/embed\/9JvuDqmAO9M?feature=oembed\" frameborder=\"0\" allow=\"accelerometer; autoplay; clipboard-write; encrypted-media; gyroscope; picture-in-picture; web-share\" referrerpolicy=\"strict-origin-when-cross-origin\" allowfullscreen><\/iframe><\/div>[\/vc_column][vc_column width=\u00a0\u00bb1\/3&Prime;]<div class=\"eut-element eut-video\" style=\"\"><iframe loading=\"lazy\" title=\"Climax: fabricant de filaments depuis + de 60 ans !\" width=\"1080\" height=\"608\" src=\"https:\/\/www.youtube.com\/embed\/wFZvnQ06bGw?feature=oembed\" frameborder=\"0\" allow=\"accelerometer; autoplay; clipboard-write; encrypted-media; gyroscope; picture-in-picture; web-share\" referrerpolicy=\"strict-origin-when-cross-origin\" allowfullscreen><\/iframe><\/div>[\/vc_column][vc_column width=\u00a0\u00bb1\/3&Prime;][\/vc_column][\/vc_row][vc_row desktop_visibility=\u00a0\u00bbhide\u00a0\u00bb tablet_visibility=\u00a0\u00bbhide\u00a0\u00bb tablet_sm_visibility=\u00a0\u00bbhide\u00a0\u00bb mobile_visibility=\u00a0\u00bbhide\u00a0\u00bb section_id=\u00a0\u00bbdownloads\u00a0\u00bb][vc_column]<h1 class=\"eut-element eut-title eut-align-center eut-h1 eut-custom-font-1\" style=\"margin-bottom: 0.5em;\"><span>Downloads<span class=\"eut-title-line eut-bg-primary-6\" style=\"width: 150px;height: 8px;\"><\/span><\/span><\/h1><div class=\"eut-empty-space eut-height-3x\" style=\"\"><\/div>[\/vc_column][\/vc_row]<\/p>\n","protected":false},"excerpt":{"rendered":"<p>[vc_row section_id=\u00a0\u00bbvideo\u00a0\u00bb][vc_column][\/vc_column][\/vc_row][vc_row section_id=\u00a0\u00bbdownloads\u00a0\u00bb][vc_column width=\u00a0\u00bb1\/3&Prime;][\/vc_column][vc_column width=\u00a0\u00bb1\/3&Prime;][\/vc_column][vc_column width=\u00a0\u00bb1\/3&Prime;][\/vc_column][\/vc_row][vc_row desktop_visibility=\u00a0\u00bbhide\u00a0\u00bb tablet_visibility=\u00a0\u00bbhide\u00a0\u00bb tablet_sm_visibility=\u00a0\u00bbhide\u00a0\u00bb mobile_visibility=\u00a0\u00bbhide\u00a0\u00bb section_id=\u00a0\u00bbdownloads\u00a0\u00bb][vc_column][\/vc_column][\/vc_row]<\/p>\n","protected":false},"author":3,"featured_media":0,"parent":0,"menu_order":2,"comment_status":"closed","ping_status":"closed","template":"","meta":{"_exactmetrics_skip_tracking":false,"_exactmetrics_sitenote_active":false,"_exactmetrics_sitenote_note":"","_exactmetrics_sitenote_category":0,"footnotes":""},"yst_prominent_words":[],"_links":{"self":[{"href":"https:\/\/lines.climax-fishingline.de\/fr\/wp-json\/wp\/v2\/pages\/4673"}],"collection":[{"href":"https:\/\/lines.climax-fishingline.de\/fr\/wp-json\/wp\/v2\/pages"}],"about":[{"href":"https:\/\/lines.climax-fishingline.de\/fr\/wp-json\/wp\/v2\/types\/page"}],"author":[{"embeddable":true,"href":"https:\/\/lines.climax-fishingline.de\/fr\/wp-json\/wp\/v2\/users\/3"}],"replies":[{"embeddable":true,"href":"https:\/\/lines.climax-fishingline.de\/fr\/wp-json\/wp\/v2\/comments?post=4673"}],"version-history":[{"count":4,"href":"https:\/\/lines.climax-fishingline.de\/fr\/wp-json\/wp\/v2\/pages\/4673\/revisions"}],"predecessor-version":[{"id":4675,"href":"https:\/\/lines.climax-fishingline.de\/fr\/wp-json\/wp\/v2\/pages\/4673\/revisions\/4675"}],"wp:attachment":[{"href":"https:\/\/lines.climax-fishingline.de\/fr\/wp-json\/wp\/v2\/media?parent=4673"}],"wp:term":[{"taxonomy":"yst_prominent_words","embeddable":true,"href":"https:\/\/lines.climax-fishingline.de\/fr\/wp-json\/wp\/v2\/yst_prominent_words?post=4673"}],"curies":[{"name":"wp","href":"https:\/\/api.w.org\/{rel}","templated":true}]}}