{"id":4678,"date":"2022-08-24T15:42:10","date_gmt":"2022-08-24T13:42:10","guid":{"rendered":"https:\/\/www.climax-fishingline.de\/noeud-de-peche\/"},"modified":"2024-04-24T16:16:25","modified_gmt":"2024-04-24T14:16:25","slug":"noeud-de-peche","status":"publish","type":"page","link":"https:\/\/lines.climax-fishingline.de\/fr\/noeud-de-peche\/","title":{"rendered":"N\u0152UD DE PECHE"},"content":{"rendered":"<p>[vc_row][vc_column][vc_column_text]<\/p>\n<h4 style=\"text-align: center;\">Quel n\u0153ud dois-je utiliser et comment le faire proprement et correctement ? C\u2019est de loin la question la plus fr\u00e9quemment pos\u00e9e sur les fils de p\u00eache !<\/h4>\n<p style=\"text-align: center;\">Apr\u00e8s tout, le n\u0153ud est souvent l\u2019endroit le plus sensible entre vous et le poisson de vos r\u00eaves ! Le meilleur mat\u00e9riel de p\u00eache ne sert \u00e0 rien si vous faites un mauvais n\u0153ud et que votre ligne casse !<br \/>\nIl y a tellement de n\u0153uds de p\u00eache que presque personne ne les connait tous ou m\u00eame sait comment les utiliser tous en action de p\u00eache.<br \/>\nIls ne sont pas tous n\u00e9cessaires, mais choisissez quelques tr\u00e8s bons n\u0153uds polyvalents et sp\u00e9ciaux pour vous faciliter la vie sur l&rsquo;eau et augmenter \u00e9galement vos chances de capturer un beau poisson.<br \/>\nLe n\u0153ud n&rsquo;a pas besoin d&rsquo;\u00eatre compliqu\u00e9, il faut qu\u2019il soit bien fait pour r\u00e9duire consid\u00e9rablement le risque de rupture de ligne.<br \/>\nAvec les vid\u00e9os de n\u0153uds suivantes, nous souhaitons vous pr\u00e9senter certaines des meilleures qualit\u00e9s et le faire aussi simplement que possible. Vous pouvez vraiment comprendre tous les n\u0153uds millim\u00e8tre par millim\u00e8tre, \u00e9tape par \u00e9tape.<br \/>\nAmusez-vous et r\u00e9ussissez !<\/p>\n<p style=\"text-align: center;\">Votre \u00e9quipe Climax<\/p>\n<p>[\/vc_column_text][\/vc_column][\/vc_row][vc_row][vc_column]<div class=\"eut-element eut-divider\" style=\"\"><div class=\"eut-line-divider eut-border\"><\/div><\/div>[\/vc_column][\/vc_row][vc_row section_id=\u00a0\u00bb#palomarknoten\u00a0\u00bb][vc_column width=\u00a0\u00bb1\/2&Prime;]<div class=\"eut-element eut-image eut-align-center eut-full-image eut-image-space-100\" style=\"\">  <div class=\"eut-image-wrapper\"><div class=\"eut-media eut-paraller-wrapper\">\t<a class=\"eut-video-popup eut-video-icon eut-icon-video eut-bg-white\" href=\"https:\/\/lines.climax-fishingline.de\/wp-content\/uploads\/Palomar.mp4\"><\/a><img loading=\"lazy\" decoding=\"async\" width=\"560\" height=\"420\" src=\"https:\/\/lines.climax-fishingline.de\/wp-content\/uploads\/palomar-560x420.jpg\" class=\"attachment-fildisi-eutf-small-rect-horizontal size-fildisi-eutf-small-rect-horizontal\" alt=\"\" srcset=\"https:\/\/lines.climax-fishingline.de\/wp-content\/uploads\/palomar-560x420.jpg 560w, https:\/\/lines.climax-fishingline.de\/wp-content\/uploads\/palomar-900x675.jpg 900w\" sizes=\"(max-width: 560px) 100vw, 560px\" \/><\/div>   <\/div><\/div>[\/vc_column][vc_column width=\u00a0\u00bb1\/2&Prime;][vc_column_text]<\/p>\n<h3>Le n\u0153ud Palomar<\/h3>\n<p>Le n\u0153ud Palomar est l&rsquo;un des n\u0153uds de p\u00eache les plus utilis\u00e9s et des plus fiables quel que soit votre type de p\u00eache : p\u00eache des carnassiers, p\u00eache en mer, p\u00eache de la carpe&#8230; Le n\u0153ud Palomar peut \u00eatre utilis\u00e9 avec des nylons, fluorocarbones et tresses de tous diam\u00e8tres. N&rsquo;h\u00e9sitez pas \u00e0 bien humidifier vos nylons et fluorocarbones lors de la r\u00e9alisation du n\u0153ud pour ne pas les chauffer et \u00e9viter de diminuer leur r\u00e9sistance. C&rsquo;est un n\u0153ud parfait pour la p\u00eache des carnassiers au drop shot, mais aussi pour relier des hame\u00e7ons simples et triple ou encore des \u00e9merillons.[\/vc_column_text][\/vc_column][\/vc_row][vc_row][vc_column]<div class=\"eut-element eut-divider\" style=\"\"><div class=\"eut-line-divider eut-border\"><\/div><\/div>[\/vc_column][\/vc_row][vc_row section_id=\u00a0\u00bb#grinnerknoten\u00a0\u00bb][vc_column width=\u00a0\u00bb1\/2&Prime;][vc_column_text]<\/p>\n<h3>Le n\u0153ud Grinner<\/h3>\n<p>Le n\u0153ud Grinner est un des plus r\u00e9sistants n\u0153uds de p\u00eache ! Il garde 90% de sa r\u00e9sistance lin\u00e9aire d&rsquo;origine. C&rsquo;est un des n\u0153uds les plus polyvalents avec le Palomar pour relier une tresse ou un fluorocarbone \u00e0 un \u00e9merillon, un hame\u00e7on ou encore un leurre. Il est utilis\u00e9 par tous les p\u00eacheurs en mer et en eau douce pour sa fiabilit\u00e9 ! N&rsquo;h\u00e9sitez pas \u00e0 bien humidifier vos nylons et fluorocarbones lors de la r\u00e9alisation du n\u0153ud pour ne pas les chauffer et \u00e9viter de diminuer leur r\u00e9sistance.[\/vc_column_text][\/vc_column][vc_column width=\u00a0\u00bb1\/2&Prime;]<div class=\"eut-element eut-image eut-align-center eut-full-image eut-image-space-100\" style=\"\">  <div class=\"eut-image-wrapper\"><div class=\"eut-media eut-paraller-wrapper\">\t<a class=\"eut-video-popup eut-video-icon eut-icon-video eut-bg-white\" href=\"https:\/\/lines.climax-fishingline.de\/wp-content\/uploads\/Grinner.mp4\"><\/a><img loading=\"lazy\" decoding=\"async\" width=\"560\" height=\"420\" src=\"https:\/\/lines.climax-fishingline.de\/wp-content\/uploads\/grinner-560x420.jpg\" class=\"attachment-fildisi-eutf-small-rect-horizontal size-fildisi-eutf-small-rect-horizontal\" alt=\"\" srcset=\"https:\/\/lines.climax-fishingline.de\/wp-content\/uploads\/grinner-560x420.jpg 560w, https:\/\/lines.climax-fishingline.de\/wp-content\/uploads\/grinner-900x675.jpg 900w\" sizes=\"(max-width: 560px) 100vw, 560px\" \/><\/div>   <\/div><\/div>[\/vc_column][\/vc_row][vc_row][vc_column]<div class=\"eut-element eut-divider\" style=\"\"><div class=\"eut-line-divider eut-border\"><\/div><\/div>[\/vc_column][\/vc_row][vc_row][vc_column width=\u00a0\u00bb1\/2&Prime;]<div class=\"eut-element eut-image eut-align-center eut-full-image eut-image-space-100\" style=\"\">  <div class=\"eut-image-wrapper\"><div class=\"eut-media eut-paraller-wrapper\">\t<a class=\"eut-video-popup eut-video-icon eut-icon-video eut-bg-white\" href=\"https:\/\/lines.climax-fishingline.de\/wp-content\/uploads\/Albright.mp4\"><\/a><img loading=\"lazy\" decoding=\"async\" width=\"560\" height=\"420\" src=\"https:\/\/lines.climax-fishingline.de\/wp-content\/uploads\/albright-560x420.jpg\" class=\"attachment-fildisi-eutf-small-rect-horizontal size-fildisi-eutf-small-rect-horizontal\" alt=\"\" srcset=\"https:\/\/lines.climax-fishingline.de\/wp-content\/uploads\/albright-560x420.jpg 560w, https:\/\/lines.climax-fishingline.de\/wp-content\/uploads\/albright-900x675.jpg 900w\" sizes=\"(max-width: 560px) 100vw, 560px\" \/><\/div>   <\/div><\/div>[\/vc_column][vc_column width=\u00a0\u00bb1\/2&Prime;][vc_column_text]<\/p>\n<h3>Le n\u0153ud Albright<\/h3>\n<p>Le n\u0153ud de p\u00eache Albright est un des n\u0153uds les plus connus et utilis\u00e9s pour r\u00e9aliser des raccords entre une tresse et un filament de type nylon ou fluorocarbone. Que ce soit pour relier un bas de ligne en flurocarbone pour la p\u00eache du sandre ou une t\u00eate de ligne pour la p\u00eache de la carpe, le n\u0153ud Albright est un des meilleurs ! N&rsquo;h\u00e9sitez pas \u00e0 bien humidifier vos nylons et fluorocarbones lors de la r\u00e9alisation du n\u0153ud pour ne pas les chauffer et \u00e9viter de diminuer leur r\u00e9sistance.[\/vc_column_text][\/vc_column][\/vc_row][vc_row][vc_column]<div class=\"eut-element eut-divider\" style=\"\"><div class=\"eut-line-divider eut-border\"><\/div><\/div>[\/vc_column][\/vc_row][vc_row][vc_column width=\u00a0\u00bb1\/2&Prime;][vc_column_text]<\/p>\n<h3>Le n\u0153ud Baril<\/h3>\n<p>Le n\u0153ud Baril ou encore Blood Knot est un n\u0153ud de p\u00eache particuli\u00e8rement int\u00e9ressant quand il s&rsquo;agit de relier deux filaments de m\u00eame diam\u00e8tre (soie, nylon, fluorocarbone) pour r\u00e9aliser des t\u00eates de ligne et bas de ligne. A noter que pour relier deux tresses, il convient de faire plusieurs tours suppl\u00e9mentaires pour r\u00e9aliser ce n\u0153ud. Si vous souhaitez relier des tresses et filaments de diam\u00e8tres diff\u00e9rents, il vaut mieux r\u00e9aliser le n\u0153ud Albright que vous trouverez sur notre cha\u00eene. L&rsquo;avantage de ce n\u0153ud de p\u00eache est que les deux filaments restent dans le m\u00eame axe. N&rsquo;h\u00e9sitez pas \u00e0 bien humidifier vos nylons et fluorocarbones lors de la r\u00e9alisation du n\u0153ud pour ne pas les chauffer et \u00e9viter de diminuer leur r\u00e9sistance.[\/vc_column_text][\/vc_column][vc_column width=\u00a0\u00bb1\/2&Prime;]<div class=\"eut-element eut-image eut-align-center eut-full-image eut-image-space-100\" style=\"\">  <div class=\"eut-image-wrapper\"><div class=\"eut-media eut-paraller-wrapper\">\t<a class=\"eut-video-popup eut-video-icon eut-icon-video eut-bg-white\" href=\"https:\/\/lines.climax-fishingline.de\/wp-content\/uploads\/Blood.mp4\"><\/a><img loading=\"lazy\" decoding=\"async\" width=\"560\" height=\"420\" src=\"https:\/\/lines.climax-fishingline.de\/wp-content\/uploads\/blood-560x420.jpg\" class=\"attachment-fildisi-eutf-small-rect-horizontal size-fildisi-eutf-small-rect-horizontal\" alt=\"\" srcset=\"https:\/\/lines.climax-fishingline.de\/wp-content\/uploads\/blood-560x420.jpg 560w, https:\/\/lines.climax-fishingline.de\/wp-content\/uploads\/blood-900x675.jpg 900w\" sizes=\"(max-width: 560px) 100vw, 560px\" \/><\/div>   <\/div><\/div>[\/vc_column][\/vc_row][vc_row][vc_column]<div class=\"eut-element eut-divider\" style=\"\"><div class=\"eut-line-divider eut-border\"><\/div><\/div>[\/vc_column][\/vc_row][vc_row][vc_column width=\u00a0\u00bb1\/2&Prime;]<div class=\"eut-element eut-image eut-align-center eut-full-image eut-image-space-100\" style=\"\">  <div class=\"eut-image-wrapper\"><div class=\"eut-media eut-paraller-wrapper\">\t<a class=\"eut-video-popup eut-video-icon eut-icon-video eut-bg-white\" href=\"https:\/\/lines.climax-fishingline.de\/wp-content\/uploads\/Clinch.mp4\"><\/a><img loading=\"lazy\" decoding=\"async\" width=\"560\" height=\"420\" src=\"https:\/\/lines.climax-fishingline.de\/wp-content\/uploads\/clinch-560x420.jpg\" class=\"attachment-fildisi-eutf-small-rect-horizontal size-fildisi-eutf-small-rect-horizontal\" alt=\"\" srcset=\"https:\/\/lines.climax-fishingline.de\/wp-content\/uploads\/clinch-560x420.jpg 560w, https:\/\/lines.climax-fishingline.de\/wp-content\/uploads\/clinch-900x675.jpg 900w\" sizes=\"(max-width: 560px) 100vw, 560px\" \/><\/div>   <\/div><\/div>[\/vc_column][vc_column width=\u00a0\u00bb1\/2&Prime;][vc_column_text]<\/p>\n<h3>Le n\u0153ud Clinch<\/h3>\n<p>Le n\u0153ud de p\u00eache Clinch est un des premiers n\u0153uds que l&rsquo;on apprend \u00e0 faire. Il est utilis\u00e9 par les d\u00e9butants comme les professionnels. Il est tr\u00e8s polyvalent, et comme le n\u0153ud Grinner, il sert \u00e0 relier votre corps de ligne \u00e0 un \u00e9merillon, un hame\u00e7on ou encore un leurre. A noter que pour les filaments de gros diam\u00e8tres, 5 tours suffisent et vous pouvez aller jusqu&rsquo;\u00e0 8 et plus pour des filaments de faibles \u00e9paisseurs. N&rsquo;h\u00e9sitez pas \u00e0 bien humidifier vos nylons et fluorocarbones lors de la r\u00e9alisation du n\u0153ud pour ne pas les chauffer et \u00e9viter de diminuer leur r\u00e9sistance.[\/vc_column_text][\/vc_column][\/vc_row][vc_row][vc_column]<div class=\"eut-element eut-divider\" style=\"\"><div class=\"eut-line-divider eut-border\"><\/div><\/div>[\/vc_column][\/vc_row][vc_row][vc_column width=\u00a0\u00bb1\/2&Prime;][vc_column_text]<\/p>\n<h3>Le n\u0153ud sans n\u0153ud<\/h3>\n<p>Le n\u0153ud sans n\u0153ud est un n\u0153ud de p\u00eache principalement utilis\u00e9 par les p\u00eacheurs de carpe, de silure ou au feeder. Il sert \u00e0 la r\u00e9alisation de bas de ligne avec cheveux pour la p\u00eache \u00e0 la bouillette, pellets et autres graines. Il est aussi de temps en temps utiliser pour la p\u00eache des carnassiers avec des app\u00e2ts naturels. Vous pouvez d\u00e9terminer la longueur du cheveu \u00e0 l&rsquo;avance en fonction de la longueur de votre app\u00e2t ou de sa largeur. Vous pouvez recouvrir votre n\u0153ud d&rsquo;un line Aligner Kryston par exemple pour le prot\u00e9ger et assurer une piqure parfaite.[\/vc_column_text][\/vc_column][vc_column width=\u00a0\u00bb1\/2&Prime;]<div class=\"eut-element eut-image eut-align-center eut-full-image eut-image-space-100\" style=\"\">  <div class=\"eut-image-wrapper\"><div class=\"eut-media eut-paraller-wrapper\">\t<a class=\"eut-video-popup eut-video-icon eut-icon-video eut-bg-white\" href=\"https:\/\/lines.climax-fishingline.de\/wp-content\/uploads\/No-Knot.mp4\"><\/a><img loading=\"lazy\" decoding=\"async\" width=\"560\" height=\"420\" src=\"https:\/\/lines.climax-fishingline.de\/wp-content\/uploads\/noknot-560x420.jpg\" class=\"attachment-fildisi-eutf-small-rect-horizontal size-fildisi-eutf-small-rect-horizontal\" alt=\"\" srcset=\"https:\/\/lines.climax-fishingline.de\/wp-content\/uploads\/noknot-560x420.jpg 560w, https:\/\/lines.climax-fishingline.de\/wp-content\/uploads\/noknot-900x675.jpg 900w\" sizes=\"(max-width: 560px) 100vw, 560px\" \/><\/div>   <\/div><\/div>[\/vc_column][\/vc_row][vc_row][vc_column]<div class=\"eut-element eut-divider\" style=\"\"><div class=\"eut-line-divider eut-border\"><\/div><\/div>[\/vc_column][\/vc_row][vc_row][vc_column width=\u00a0\u00bb1\/2&Prime;]<div class=\"eut-element eut-image eut-align-center eut-full-image eut-image-space-100\" style=\"\">  <div class=\"eut-image-wrapper\"><div class=\"eut-media eut-paraller-wrapper\">\t<a class=\"eut-video-popup eut-video-icon eut-icon-video eut-bg-white\" href=\"https:\/\/lines.climax-fishingline.de\/wp-content\/uploads\/Loop-Knot.mp4\"><\/a><img loading=\"lazy\" decoding=\"async\" width=\"560\" height=\"420\" src=\"https:\/\/lines.climax-fishingline.de\/wp-content\/uploads\/loop-560x420.jpg\" class=\"attachment-fildisi-eutf-small-rect-horizontal size-fildisi-eutf-small-rect-horizontal\" alt=\"\" srcset=\"https:\/\/lines.climax-fishingline.de\/wp-content\/uploads\/loop-560x420.jpg 560w, https:\/\/lines.climax-fishingline.de\/wp-content\/uploads\/loop-900x675.jpg 900w\" sizes=\"(max-width: 560px) 100vw, 560px\" \/><\/div>   <\/div><\/div>[\/vc_column][vc_column width=\u00a0\u00bb1\/2&Prime;][vc_column_text]<\/p>\n<h3>Le n\u0153ud boucle<\/h3>\n<p>Le n\u0153ud boucle est LE n\u0153ud de p\u00eache indispensable ! Il servira \u00e0 la r\u00e9alisation de boucle pour les bas de ligne carpe, silure et feeder mais encore pour relier une agrafe rapide etc&#8230; Il est r\u00e9alisable avec tous les types de filaments (tresses, nylons, fluorocarbones) de diff\u00e9rents diam\u00e8tres. N&rsquo;h\u00e9sitez pas \u00e0 bien humidifier vos nylons et fluorocarbones lors de la r\u00e9alisation du n\u0153ud pour ne pas les chauffer et \u00e9viter de diminuer leur r\u00e9sistance.[\/vc_column_text][\/vc_column][\/vc_row][vc_row][vc_column]<div class=\"eut-element eut-divider\" style=\"\"><div class=\"eut-line-divider eut-border\"><\/div><\/div>[\/vc_column][\/vc_row][vc_row][vc_column width=\u00a0\u00bb1\/2&Prime;][vc_column_text]<\/p>\n<h3>Le n\u0153ud d\u2019arr\u00eat<\/h3>\n<p>Le n\u0153ud d&rsquo;arr\u00eat est un n\u0153ud de p\u00eache \u00e9l\u00e9mentaire pour bloquer un flotteur, un plomb, une perle ou encore un app\u00e2t au bon endroit sur votre ligne. Le deuxi\u00e8me int\u00e9r\u00eat de ce n\u0153ud d&rsquo;arr\u00eat est qu&rsquo;il peut aussi servir de rep\u00e8re visuel sur votre ligne comme pour les p\u00eaches de la truite au toc. Vous pouvez utiliser tout type de filament pour r\u00e9aliser ce n\u0153ud de p\u00eache (caoutchouc, fil dentaire, tresse&#8230;). A noter que le choix du filament ou le nombre de tour effectu\u00e9 est \u00e0 adapter en fonction de la taille et du poids de l&rsquo;objet que vous souhaitez bloquer sur votre ligne.[\/vc_column_text][\/vc_column][vc_column width=\u00a0\u00bb1\/2&Prime;]<div class=\"eut-element eut-image eut-align-center eut-full-image eut-image-space-100\" style=\"\">  <div class=\"eut-image-wrapper\"><div class=\"eut-media eut-paraller-wrapper\">\t<a class=\"eut-video-popup eut-video-icon eut-icon-video eut-bg-white\" href=\"https:\/\/lines.climax-fishingline.de\/wp-content\/uploads\/Stopper-Knot.mp4\"><\/a><img loading=\"lazy\" decoding=\"async\" width=\"560\" height=\"420\" src=\"https:\/\/lines.climax-fishingline.de\/wp-content\/uploads\/stopper-560x420.jpg\" class=\"attachment-fildisi-eutf-small-rect-horizontal size-fildisi-eutf-small-rect-horizontal\" alt=\"\" srcset=\"https:\/\/lines.climax-fishingline.de\/wp-content\/uploads\/stopper-560x420.jpg 560w, https:\/\/lines.climax-fishingline.de\/wp-content\/uploads\/stopper-900x675.jpg 900w\" sizes=\"(max-width: 560px) 100vw, 560px\" \/><\/div>   <\/div><\/div>[\/vc_column][\/vc_row][vc_row][vc_column]<div class=\"eut-element eut-divider\" style=\"\"><div class=\"eut-line-divider eut-border\"><\/div><\/div>[\/vc_column][\/vc_row]<\/p>\n","protected":false},"excerpt":{"rendered":"<p>[vc_row][vc_column][vc_column_text] Quel n\u0153ud dois-je utiliser et comment le faire proprement et correctement ? C\u2019est de loin la question la plus fr\u00e9quemment pos\u00e9e sur les fils de p\u00eache ! Apr\u00e8s tout, le n\u0153ud est souvent l\u2019endroit le plus sensible entre vous et le poisson de vos r\u00eaves ! Le meilleur mat\u00e9riel de p\u00eache ne sert \u00e0 [&hellip;]<\/p>\n","protected":false},"author":3,"featured_media":0,"parent":0,"menu_order":0,"comment_status":"closed","ping_status":"closed","template":"","meta":{"_exactmetrics_skip_tracking":false,"_exactmetrics_sitenote_active":false,"_exactmetrics_sitenote_note":"","_exactmetrics_sitenote_category":0,"footnotes":""},"yst_prominent_words":[626,625,186,756],"_links":{"self":[{"href":"https:\/\/lines.climax-fishingline.de\/fr\/wp-json\/wp\/v2\/pages\/4678"}],"collection":[{"href":"https:\/\/lines.climax-fishingline.de\/fr\/wp-json\/wp\/v2\/pages"}],"about":[{"href":"https:\/\/lines.climax-fishingline.de\/fr\/wp-json\/wp\/v2\/types\/page"}],"author":[{"embeddable":true,"href":"https:\/\/lines.climax-fishingline.de\/fr\/wp-json\/wp\/v2\/users\/3"}],"replies":[{"embeddable":true,"href":"https:\/\/lines.climax-fishingline.de\/fr\/wp-json\/wp\/v2\/comments?post=4678"}],"version-history":[{"count":2,"href":"https:\/\/lines.climax-fishingline.de\/fr\/wp-json\/wp\/v2\/pages\/4678\/revisions"}],"predecessor-version":[{"id":4681,"href":"https:\/\/lines.climax-fishingline.de\/fr\/wp-json\/wp\/v2\/pages\/4678\/revisions\/4681"}],"wp:attachment":[{"href":"https:\/\/lines.climax-fishingline.de\/fr\/wp-json\/wp\/v2\/media?parent=4678"}],"wp:term":[{"taxonomy":"yst_prominent_words","embeddable":true,"href":"https:\/\/lines.climax-fishingline.de\/fr\/wp-json\/wp\/v2\/yst_prominent_words?post=4678"}],"curies":[{"name":"wp","href":"https:\/\/api.w.org\/{rel}","templated":true}]}}