{"id":4682,"date":"2017-08-30T11:50:44","date_gmt":"2017-08-30T09:50:44","guid":{"rendered":"https:\/\/www.climax-fishingline.de\/protection-des-donnees\/"},"modified":"2024-04-25T17:46:43","modified_gmt":"2024-04-25T15:46:43","slug":"protection-des-donnees","status":"publish","type":"page","link":"https:\/\/lines.climax-fishingline.de\/fr\/protection-des-donnees\/","title":{"rendered":"PROTECTION DES DONNEES"},"content":{"rendered":"<p>[vc_row section_id=\u00a0\u00bbimpressum-fr\u00a0\u00bb][vc_column][vc_column_text css=\u00a0\u00bb.vc_custom_1505730007166{margin-top: 3em !important;margin-bottom: 3em !important;}\u00a0\u00bb]<strong>Ockert GmbH<\/strong><br \/>\n<strong>Filament-Technologie<\/strong><br \/>\nSiemensstra\u00dfe 1a<br \/>\nD-82178 Puchheim<\/p>\n<p>T\u00e9l\u00e9phone : +49 89 894083-0<br \/>\nT\u00e9l\u00e9copie : +49 89 894083-20<br \/>\nCourriel : info&#64;ockert&#46;&#110;&#101;&#116;<br \/>\nForme de la soci\u00e9t\u00e9 : GmbH<br \/>\nHRB M\u00fcnchen 59968<\/p>\n<p>N\u00b0 TVA : 128 212 367<\/p>\n<p>Directeur g\u00e9n\u00e9ral : Jan Willenbruch<br \/>\n(Responsable du contenu)<\/p>\n<p><strong>Responsabilit\u00e9 :<\/strong><br \/>\nMalgr\u00e9 un contr\u00f4le minutieux du contenu, nous d\u00e9clinons toute responsabilit\u00e9 quant au contenu des liens externes. Les exploitants des pages li\u00e9es sont seuls responsables de leur contenu.<br \/>\nLes pages ont \u00e9t\u00e9 compil\u00e9es avec le plus grand soin possible. Cependant, aucune garantie ne peut \u00eatre donn\u00e9e que les informations contenues soient exemptes d\u2019erreurs. Toute responsabilit\u00e9 pour les dommages r\u00e9sultant directement ou indirectement de l\u2019utilisation de ce site Web est exclue.[\/vc_column_text][\/vc_column][\/vc_row][vc_row padding_top_multiplier=\u00a0\u00bb4x\u00a0\u00bb padding_bottom_multiplier=\u00a0\u00bb4x\u00a0\u00bb section_id=\u00a0\u00bbmentions-legales\u00a0\u00bb el_class=\u00a0\u00bbsection-border impressum\u00a0\u00bb][vc_column]<h1 class=\"eut-element eut-title eut-align-center eut-h1 eut-custom-font-1\" style=\"margin-bottom: 0.5em;\"><span>MENTIONS LEGALES<span class=\"eut-title-line eut-bg-primary-6\" style=\"width: 150px;height: 8px;\"><\/span><\/span><\/h1>[vc_column_text css=\u00a0\u00bb.vc_custom_1526378699389{margin-top: 3em !important;margin-bottom: 3em !important;}\u00a0\u00bb]<\/p>\n<h3>1. LIMITATION DE RESPONSABILIT\u00c9<\/h3>\n<p>Le contenu de ce site Web est cr\u00e9\u00e9 avec le plus grand soin. Cependant, le fournisseur n\u2019assume aucune responsabilit\u00e9 quant \u00e0 l\u2019exactitude, l\u2019exhaustivit\u00e9 et l\u2019actualit\u00e9 du contenu fourni. Le contenu du site Web est utilis\u00e9 aux risques et p\u00e9rils de l\u2019utilisateur. Les contributions marqu\u00e9es par leur nom refl\u00e8tent l\u2019opinion de l\u2019auteur respectif et pas toujours l\u2019opinion du fournisseur. La simple utilisation du site Web du fournisseur n\u2019entra\u00eene aucune relation contractuelle entre l\u2019utilisateur et le fournisseur.<\/p>\n<h3>2. LIENS EXTERNES<\/h3>\n<p>Ce site Web contient des liens vers des sites Web de tiers (\u00ab liens externes \u00bb). Ces sites Web sont sous la responsabilit\u00e9 des op\u00e9rateurs respectifs. Lorsque les liens externes ont \u00e9t\u00e9 li\u00e9s pour la premi\u00e8re fois, le fournisseur a v\u00e9rifi\u00e9 le contenu de tiers pour toute violation l\u00e9gale. \u00c0 l\u2019\u00e9poque, aucune violation de la loi n\u2019\u00e9tait apparente. Le fournisseur n\u2019a aucune influence sur la conception et le contenu actuels et futurs des pages li\u00e9es. La mise en place de liens externes ne signifie pas que le fournisseur s\u2019approprie le contenu derri\u00e8re la r\u00e9f\u00e9rence ou le lien. Une surveillance constante de ces liens externes n\u2019est pas raisonnable pour le fournisseur sans preuves concr\u00e8tes de violations de la loi. Cependant, si nous prenons connaissance de violations l\u00e9gales, ces liens externes seront imm\u00e9diatement supprim\u00e9s.<\/p>\n<h3>3. DROITS D\u2019AUTEUR ET DROITS D\u2019EX\u00c9CUTION<\/h3>\n<p>Le contenu publi\u00e9 sur ce site Web est soumis au droit d\u2019auteur allemand et au droit d\u2019auteur accessoire. Toute utilisation non autoris\u00e9e par le droit d\u2019auteur allemand et le droit d\u2019auteur accessoire n\u00e9cessite l\u2019accord \u00e9crit pr\u00e9alable du fournisseur ou du d\u00e9tenteur des droits respectifs. Cela s\u2019applique en particulier \u00e0 la duplication, au traitement, \u00e0 la traduction, au stockage, au traitement ou \u00e0 la reproduction de contenus dans des bases de donn\u00e9es ou d\u2019autres supports et syst\u00e8mes \u00e9lectroniques. Les contenus et droits de tiers sont signal\u00e9s comme tels. La duplication ou la transmission non autoris\u00e9e de contenus individuels ou de pages compl\u00e8tes n\u2019est pas autoris\u00e9e et est punissable par la loi. Seule la production de copies et de t\u00e9l\u00e9chargements \u00e0 usage personnel, priv\u00e9 et non commercial est autoris\u00e9e. La pr\u00e9sentation de ce site Web dans des cadres externes n\u2019est autoris\u00e9e qu\u2019avec une autorisation \u00e9crite.<\/p>\n<h3>4. CONFIDENTIALIT\u00c9<\/h3>\n<p>En visitant le site Web du fournisseur, des informations sur l\u2019acc\u00e8s (date, heure, page consult\u00e9e) peuvent \u00eatre stock\u00e9es. Ces donn\u00e9es ne font pas partie des donn\u00e9es personnelles, mais sont anonymis\u00e9es. Ils sont \u00e9valu\u00e9s \u00e0 des fins statistiques uniquement. Un transfert \u00e0 des tiers, \u00e0 des fins commerciales ou non commerciales, n\u2019a pas lieu. L\u2019exploitant du site Web ne collecte, n\u2019utilise et ne transmet vos donn\u00e9es personnelles que si cela est autoris\u00e9 par la loi ou si vous consentez \u00e0 la collecte de donn\u00e9es. Les donn\u00e9es personnelles sont toutes les informations qui sont utilis\u00e9es pour identifier votre personne et qui peuvent \u00eatre retrac\u00e9es jusqu\u2019\u00e0 vous \u2013 par exemple votre nom, votre adresse e-mail et votre num\u00e9ro de t\u00e9l\u00e9phone. Si vous contactez l\u2019exploitant du site Web via les options de contact propos\u00e9es, vos coordonn\u00e9es seront enregistr\u00e9es afin qu\u2019elles puissent \u00eatre utilis\u00e9es pour traiter et r\u00e9pondre \u00e0 votre demande. Ces donn\u00e9es ne seront pas transmises \u00e0 des tiers sans votre consentement. Le fournisseur signale express\u00e9ment que la transmission de donn\u00e9es sur Internet (par exemple lors de la communication par e-mail) pr\u00e9sente des failles de s\u00e9curit\u00e9 et ne peut pas \u00eatre compl\u00e8tement prot\u00e9g\u00e9e contre l\u2019acc\u00e8s par des tiers. L\u2019utilisation des coordonn\u00e9es dans l\u2019empreinte pour la publicit\u00e9 commerciale n\u2019est express\u00e9ment pas souhait\u00e9e, sauf si le fournisseur a donn\u00e9 son consentement \u00e9crit pr\u00e9alable ou si une relation commerciale existe d\u00e9j\u00e0. Le fournisseur et toutes les personnes nomm\u00e9es sur ce site Web s\u2019opposent par la pr\u00e9sente \u00e0 toute utilisation commerciale et \u00e0 la divulgation de leurs donn\u00e9es.<\/p>\n<h3>5. CONDITIONS PARTICULIERES D\u2019UTILISATION<\/h3>\n<p>Dans la mesure o\u00f9 des conditions particuli\u00e8res pour les utilisations individuelles de ce site Web diff\u00e8rent des num\u00e9ros 1 \u00e0 4 ci-dessus, cela sera express\u00e9ment signal\u00e9 au point appropri\u00e9. Dans ce cas, les conditions d\u2019utilisation particuli\u00e8res s\u2019appliquent au cas par cas.<\/p>\n<h3>6. DROITS DES UTILISATEURS : ACC\u00c8S, RECTIFICATION ET SUPPRESSION<\/h3>\n<p>Sur demande, en tant qu\u2019utilisateur, vous recevrez gratuitement des informations sur les donn\u00e9es personnelles qui ont \u00e9t\u00e9 stock\u00e9es \u00e0 votre sujet. Si votre demande n\u2019entre pas en conflit avec une obligation l\u00e9gale de stockage des donn\u00e9es (par exemple, la conservation des donn\u00e9es), vous avez le droit de faire corriger les donn\u00e9es incorrectes et de bloquer ou de supprimer vos donn\u00e9es personnelles.<\/p>\n<p>Source : Disclaimer de www.Juraforum.de \u2013 portail juridique et www.connektar.de \u2013et datenschutz.org[\/vc_column_text][\/vc_column][\/vc_row][vc_row padding_top_multiplier=\u00a0\u00bb4x\u00a0\u00bb padding_bottom_multiplier=\u00a0\u00bb4x\u00a0\u00bb section_id=\u00a0\u00bbconfidentialite\u00a0\u00bb el_class=\u00a0\u00bbsection-border impressum\u00a0\u00bb][vc_column]<h1 class=\"eut-element eut-title eut-align-center eut-h1 eut-custom-font-1\" style=\"margin-bottom: 0.5em;\"><span>CONFIDENTIALITE<span class=\"eut-title-line eut-bg-primary-6\" style=\"width: 150px;height: 8px;\"><\/span><\/span><\/h1>[vc_column_text css=\u00a0\u00bb.vc_custom_1527170106015{margin-top: 3em !important;margin-bottom: 3em !important;}\u00a0\u00bb]<\/p>\n<h3>Confidentialit\u00e9<\/h3>\n<h3>Aper\u00e7u<\/h3>\n<p>En visitant le site Web du fournisseur, des informations sur l\u2019acc\u00e8s (date, heure, page consult\u00e9e) peuvent \u00eatre stock\u00e9es. Ces donn\u00e9es ne font pas partie des donn\u00e9es personnelles, mais sont anonymis\u00e9es. Ils sont \u00e9valu\u00e9s \u00e0 des fins statistiques uniquement. Un transfert \u00e0 des tiers, \u00e0 des fins commerciales ou non commerciales, n\u2019a pas lieu.<\/p>\n<p>Le fournisseur signale express\u00e9ment que la transmission de donn\u00e9es sur Internet (par exemple lors de la communication par e-mail) pr\u00e9sente des failles de s\u00e9curit\u00e9 et ne peut pas \u00eatre compl\u00e8tement prot\u00e9g\u00e9e contre l\u2019acc\u00e8s par des tiers.<\/p>\n<p>L\u2019utilisation des coordonn\u00e9es dans l\u2019empreinte pour la publicit\u00e9 commerciale n\u2019est express\u00e9ment pas souhait\u00e9e, sauf si le fournisseur a donn\u00e9 son consentement \u00e9crit pr\u00e9alable ou si une relation commerciale existe d\u00e9j\u00e0. Le fournisseur et toutes les personnes nomm\u00e9es sur ce site Web s\u2019opposent par la pr\u00e9sente \u00e0 toute utilisation commerciale et \u00e0 la divulgation de leurs donn\u00e9es.<\/p>\n<h3>Vos droits en tant que personne concern\u00e9e<\/h3>\n<p>Vous pouvez \u00e0 tout moment exercer les droits suivants en utilisant les coordonn\u00e9es fournies par notre d\u00e9l\u00e9gu\u00e9 \u00e0 la protection des donn\u00e9es :<\/p>\n<p>\u2013 Informations sur vos donn\u00e9es stock\u00e9es par nous et comment elles sont trait\u00e9es<br \/>\n\u2013 Correction de donn\u00e9es personnelles inexactes<br \/>\n\u2013 Suppression de vos donn\u00e9es stock\u00e9es par nous<br \/>\n\u2013 Restriction du traitement des donn\u00e9es si nous ne sommes pas encore autoris\u00e9s \u00e0 supprimer vos donn\u00e9es en raison d\u2019obligations l\u00e9gales<br \/>\n\u2013 opposition au traitement de vos donn\u00e9es par nous et<br \/>\n\u2013 Portabilit\u00e9 des donn\u00e9es si vous avez consenti au traitement des donn\u00e9es ou avez conclu un contrat avec nous.<\/p>\n<p>Si vous nous avez donn\u00e9 votre consentement, vous pouvez le r\u00e9voquer \u00e0 tout moment avec effet pour l\u2019avenir.<\/p>\n<h3>Finalit\u00e9s du traitement des donn\u00e9es par le responsable et les tiers<\/h3>\n<p>Nous traitons vos donn\u00e9es personnelles uniquement aux fins \u00e9nonc\u00e9es dans la pr\u00e9sente d\u00e9claration de protection des donn\u00e9es. Vos donn\u00e9es personnelles ne seront pas transmises \u00e0 des tiers \u00e0 des fins autres que celles mentionn\u00e9es. Nous ne transmettons vos donn\u00e9es personnelles \u00e0 des tiers que si :<\/p>\n<p>\u2013 vous y avez express\u00e9ment consenti<br \/>\n\u2013 le traitement est n\u00e9cessaire pour ex\u00e9cuter un contrat avec vous<br \/>\n\u2013 le traitement est n\u00e9cessaire pour remplir une obligation l\u00e9gale,<\/p>\n<p>le traitement est n\u00e9cessaire pour prot\u00e9ger des int\u00e9r\u00eats l\u00e9gitimes et il n\u2019y a aucune raison de supposer que vous avez un int\u00e9r\u00eat l\u00e9gitime sup\u00e9rieur \u00e0 ne pas divulguer vos donn\u00e9es.<\/p>\n<h3>Cookies<\/h3>\n<p>Comme de nombreux autres sites Web, nous utilisons \u00e9galement des \u00ab cookies \u00bb. Les cookies sont de petits fichiers texte qui sont transf\u00e9r\u00e9s sur votre disque dur par un serveur de site Web. En cons\u00e9quence, nous recevons automatiquement certaines donn\u00e9es, par ex. B. Adresse IP, navigateur utilis\u00e9, syst\u00e8me d\u2019exploitation et votre connexion \u00e0 Internet.<\/p>\n<p>Les cookies ne peuvent pas \u00eatre utilis\u00e9s pour d\u00e9marrer des programmes ou transmettre des virus \u00e0 un ordinateur. Sur la base des informations contenues dans les cookies, nous pouvons vous faciliter la navigation et permettre un affichage correct de nos sites Web.<\/p>\n<p>En aucun cas, les donn\u00e9es que nous collectons ne seront transmises \u00e0 des tiers ou li\u00e9es \u00e0 des donn\u00e9es personnelles sans votre consentement.<\/p>\n<p>Bien entendu, vous pouvez \u00e9galement consulter notre site Web sans cookies. Les navigateurs Internet sont r\u00e9guli\u00e8rement configur\u00e9s pour accepter les cookies. De mani\u00e8re g\u00e9n\u00e9rale, vous pouvez \u00e0 tout moment d\u00e9sactiver l\u2019utilisation des cookies via les param\u00e8tres de votre navigateur. Veuillez utiliser les fonctions d\u2019aide de votre navigateur Internet pour savoir comment vous pouvez modifier ces param\u00e8tres. Veuillez noter que certaines fonctions de notre site Web peuvent ne pas fonctionner si vous avez d\u00e9sactiv\u00e9 l\u2019utilisation des cookies.<\/p>\n<h3>Formulaire de contact<\/h3>\n<p>Si vous nous contactez par e-mail avec des questions de toute nature, donnez-nous votre consentement volontaire dans le but de vous contacter. Cela n\u00e9cessite la sp\u00e9cification d\u2019une adresse e-mail valide. Ceci est utilis\u00e9 pour allouer la requ\u00eate puis pour y r\u00e9pondre. La fourniture de donn\u00e9es suppl\u00e9mentaires est facultative. Les informations que vous fournissez seront stock\u00e9es dans le but de traiter la demande et pour d\u2019\u00e9ventuelles questions de suivi. Apr\u00e8s traitement de la demande que vous avez formul\u00e9e, les donn\u00e9es personnelles seront automatiquement supprim\u00e9es.<\/p>\n<h3>Utilisation de Google Analytics<\/h3>\n<p>Ce site Web utilise Google Analytics, un service d\u2019analyse Web fourni par Google Inc. (ci-apr\u00e8s : Google). Google Analytics utilise des \u00ab cookies \u00bb, c\u2019est-\u00e0-dire des fichiers texte qui sont stock\u00e9s sur votre ordinateur et qui permettent une analyse de votre utilisation du site Internet. Les informations g\u00e9n\u00e9r\u00e9es par le cookie concernant votre utilisation de ce site Web sont g\u00e9n\u00e9ralement transmises \u00e0 un serveur de Google aux \u00c9tats-Unis et y sont stock\u00e9es. Cependant, en raison de l\u2019activation de l\u2019anonymisation IP sur ce site Web, votre adresse IP sera pr\u00e9alablement raccourcie par Google dans les \u00c9tats membres de l\u2019Union europ\u00e9enne ou dans d\u2019autres \u00c9tats contractants de l\u2019accord sur l\u2019Espace \u00e9conomique europ\u00e9en. Ce n\u2019est que dans des cas exceptionnels que l\u2019adresse IP compl\u00e8te sera envoy\u00e9e \u00e0 un serveur de Google aux \u00c9tats-Unis et raccourcie l\u00e0-bas. Au nom de l\u2019op\u00e9rateur de ce site Web, Google utilisera ces informations pour \u00e9valuer votre utilisation du site Web, pour compiler des rapports sur l\u2019activit\u00e9 du site Web et pour fournir d\u2019autres services li\u00e9s \u00e0 l\u2019activit\u00e9 du site Web et \u00e0 l\u2019utilisation d\u2019Internet \u00e0 l\u2019op\u00e9rateur du site Web. L\u2019adresse IP transmise par votre navigateur dans le cadre de Google Analytics ne sera pas fusionn\u00e9e avec d\u2019autres donn\u00e9es de Google.<\/p>\n<p>Le but du traitement des donn\u00e9es est d\u2019\u00e9valuer l\u2019utilisation du site Web et de compiler des rapports sur les activit\u00e9s sur le site Web. Sur la base de l\u2019utilisation du site Web et d\u2019Internet, d\u2019autres services connexes doivent ensuite \u00eatre fournis. Le traitement est bas\u00e9 sur l\u2019int\u00e9r\u00eat l\u00e9gitime de l\u2019exploitant du site Web.<\/p>\n<p>Vous pouvez emp\u00eacher le stockage de cookies en configurant votre logiciel de navigation en cons\u00e9quence ; nous attirons toutefois votre attention sur le fait que dans ce cas, vous ne pourrez \u00e9ventuellement pas utiliser toutes les fonctions de ce site Internet dans leur int\u00e9gralit\u00e9. Vous pouvez \u00e9galement emp\u00eacher Google de collecter les donn\u00e9es g\u00e9n\u00e9r\u00e9es par le cookie et li\u00e9es \u00e0 votre utilisation du site Web (y compris votre adresse IP) et de traiter ces donn\u00e9es par Google en t\u00e9l\u00e9chargeant le plug-in de navigateur disponible sous le lien suivant et en l\u2019installant : Navigateur module compl\u00e9mentaire pour d\u00e9sactiver Google Analytics.<\/p>\n<p>En plus ou comme alternative au module compl\u00e9mentaire de navigateur, vous pouvez emp\u00eacher le suivi par Google Analytics sur notre site Web en cliquant sur ce lien. Un cookie de d\u00e9sactivation sera install\u00e9 sur votre appareil. Cela emp\u00eachera la d\u00e9tection future par Google Analytics pour ce site Web et pour ce navigateur tant que le cookie reste install\u00e9 dans votre navigateur.<\/p>\n<h3>Utilisation de biblioth\u00e8ques de scripts (Google Webfonts)<\/h3>\n<p>Afin d\u2019afficher notre contenu correctement et graphiquement attrayant sur tous les navigateurs, nous utilisons des biblioth\u00e8ques de scripts et des biblioth\u00e8ques de polices telles que B. Google Webfonts (https:\/\/www.google.com\/webfonts\/). Les polices Web Google sont transf\u00e9r\u00e9es dans le cache de votre navigateur pour \u00e9viter les chargements multiples. Si le navigateur ne prend pas en charge Google Webfonts ou emp\u00eache l\u2019acc\u00e8s, le contenu sera affich\u00e9 dans une police standard.<\/p>\n<p>L\u2019appel de biblioth\u00e8ques de scripts ou de biblioth\u00e8ques de polices d\u00e9clenche automatiquement une connexion \u00e0 l\u2019op\u00e9rateur de la biblioth\u00e8que. Il est th\u00e9oriquement possible \u2013 bien qu\u2019il soit actuellement difficile de savoir si et, si oui, \u00e0 quelles fins \u2013 que les op\u00e9rateurs de ces biblioth\u00e8ques collectent des donn\u00e9es.<\/p>\n<p>La politique de confidentialit\u00e9 de l\u2019op\u00e9rateur de biblioth\u00e8que Google peut \u00eatre trouv\u00e9e ici : https:\/\/www.google.com\/policies\/privacy\/<\/p>\n<h3>Utilisation du formulaire reCaptcha<\/h3>\n<p>Nous utilisons le service Google reCaptcha pour d\u00e9terminer si une personne ou un ordinateur effectue une entr\u00e9e sp\u00e9cifique dans notre formulaire de contact ou de newsletter. Google utilise les donn\u00e9es suivantes pour v\u00e9rifier si vous \u00eates un humain ou un ordinateur : l\u2019adresse IP du terminal utilis\u00e9, le site Internet que vous visitez et sur lequel le Captcha est int\u00e9gr\u00e9, la date et la dur\u00e9e de la visite, les donn\u00e9es d\u2019identification du l\u2019appareil utilis\u00e9 Type de navigateur et de syst\u00e8me d\u2019exploitation, compte Google si vous \u00eates connect\u00e9 \u00e0 Google, mouvements de la souris sur les zones reCaptcha et t\u00e2ches n\u00e9cessitant l\u2019identification d\u2019images. La base juridique du traitement des donn\u00e9es d\u00e9crit est l\u2019article 6, paragraphe 1, lettre f du r\u00e8glement g\u00e9n\u00e9ral sur la protection des donn\u00e9es. Il existe un int\u00e9r\u00eat l\u00e9gitime de notre part dans ce traitement de donn\u00e9es, pour assurer la s\u00e9curit\u00e9 de notre site Web et pour nous prot\u00e9ger des saisies automatis\u00e9es (attaques).<\/p>\n<h3>Utilisation de Google Maps<\/h3>\n<p>Ce site Web utilise l\u2019API Google Maps pour afficher visuellement des informations g\u00e9ographiques. Lors de l\u2019utilisation de Google Maps, Google collecte, traite et utilise \u00e9galement des donn\u00e9es sur l\u2019utilisation des fonctions cartographiques par les visiteurs. Vous trouverez plus d\u2019informations sur le traitement des donn\u00e9es par Google dans les informations sur la protection des donn\u00e9es de Google. L\u00e0, vous pouvez \u00e9galement modifier vos param\u00e8tres de protection des donn\u00e9es personnelles dans le centre de protection des donn\u00e9es.<\/p>\n<p>Vous trouverez ici des instructions d\u00e9taill\u00e9es sur la gestion de vos propres donn\u00e9es en rapport avec les produits Google.<\/p>\n<h3>Vid\u00e9os YouTube int\u00e9gr\u00e9es<\/h3>\n<p>Nous int\u00e9grons des vid\u00e9os YouTube sur certains de nos sites Web. L\u2019op\u00e9rateur des plugins correspondants est YouTube, LLC, 901 Cherry Ave., San Bruno, CA 94066, USA. Lorsque vous visitez une page avec le plugin YouTube, une connexion aux serveurs YouTube est \u00e9tablie. YouTube est inform\u00e9 des pages que vous visitez. Si vous \u00eates connect\u00e9 \u00e0 votre compte YouTube, YouTube peut vous attribuer personnellement votre comportement de navigation. Vous pouvez emp\u00eacher cela en vous d\u00e9connectant au pr\u00e9alable de votre compte YouTube.<\/p>\n<p>Si une vid\u00e9o YouTube est d\u00e9marr\u00e9e, le fournisseur utilise des cookies qui collectent des informations sur le comportement de l\u2019utilisateur.<\/p>\n<p>Quiconque a d\u00e9sactiv\u00e9 le stockage des cookies pour le programme Google Ad n\u2019aura pas \u00e0 tenir compte de ces cookies lors du visionnage de vid\u00e9os YouTube. Cependant, YouTube stocke \u00e9galement des informations d\u2019utilisation non personnelles dans d\u2019autres cookies. Si vous souhaitez emp\u00eacher cela, vous devez bloquer le stockage des cookies dans le navigateur.<\/p>\n<p>Vous trouverez de plus amples informations sur la protection des donn\u00e9es sur \u00ab Youtube \u00bb dans la d\u00e9claration de protection des donn\u00e9es du fournisseur \u00e0 l\u2019adresse : https:\/\/www.google.de\/intl\/de\/policies\/privacy\/<\/p>\n<h3>Plugins sociaux<\/h3>\n<p>Ce site Web utilise des plugins des fournisseurs Facebook.com et Instagram.com, qui sont fournis par la soci\u00e9t\u00e9 Facebook Inc bas\u00e9e \u00e0 Menlo Park, Californie aux \u00c9tats-Unis. Les utilisateurs de notre site Internet sur lesquels le plugin Facebook et le plugin Instagram sont install\u00e9s sont inform\u00e9s que le plugin \u00e9tablit une connexion avec Facebook ou Instagram, ce qui signifie qu\u2019une transmission \u00e0 votre navigateur est effectu\u00e9e afin que le plugin puisse \u00eatre activ\u00e9 le site Internet appara\u00eet. Vous pouvez trouver un aper\u00e7u des plugins Facebook ici : http:\/\/developers.facebook.com\/docs\/plugins\/. De plus, lors de l\u2019utilisation du plugin Facebook, des donn\u00e9es sont transmises au serveur Facebook, qui contient des informations sur vos visites du site Web sur notre page d\u2019accueil. Pour les utilisateurs Facebook connect\u00e9s, cela signifie que les donn\u00e9es d\u2019utilisation sont attribu\u00e9es \u00e0 leur compte Facebook personnel. D\u00e8s que vous utilisez activement le plugin Facebook en tant qu\u2019utilisateur Facebook connect\u00e9 (par exemple en cliquant sur le bouton \u00ab J\u2019aime \u00bb ou en utilisant la fonction de commentaire), ces donn\u00e9es sont transf\u00e9r\u00e9es sur votre compte Facebook et publi\u00e9es. Vous ne pouvez \u00e9viter cela qu\u2019en vous d\u00e9connectant au pr\u00e9alable de votre compte Facebook. Vous pouvez trouver plus d\u2019informations \u00e0 ce sujet dans la politique de confidentialit\u00e9 de Facebook \u00e0 l\u2019adresse http:\/\/de-de.facebook.com\/policy.php<\/p>\n<p>Nous n\u2019avons aucune influence sur les donn\u00e9es collect\u00e9es par un plugin activ\u00e9 et sur la mani\u00e8re dont elles sont utilis\u00e9es par le fournisseur. Il faut actuellement supposer qu\u2019une connexion directe aux services du fournisseur sera \u00e9tablie et qu\u2019au moins l\u2019adresse IP et les informations relatives \u00e0 l\u2019appareil seront enregistr\u00e9es et utilis\u00e9es. Il est \u00e9galement possible que le prestataire essaie d\u2019enregistrer des cookies sur l\u2019ordinateur utilis\u00e9. Les donn\u00e9es sp\u00e9cifiques collect\u00e9es et la mani\u00e8re dont elles sont utilis\u00e9es peuvent \u00eatre trouv\u00e9es dans les avis de protection des donn\u00e9es du fournisseur de services respectif. Remarque : si vous \u00eates connect\u00e9 \u00e0 Facebook en m\u00eame temps, Facebook peut vous identifier en tant que visiteur d\u2019une page sp\u00e9cifique.<\/p>\n<p>Nous avons int\u00e9gr\u00e9 les boutons de m\u00e9dias sociaux des entreprises suivantes sur notre site Web :<br \/>\nFacebook<br \/>\nInstagram<\/p>\n<h3>Modification de notre politique de confidentialit\u00e9<\/h3>\n<p>Nous nous r\u00e9servons le droit d\u2019adapter cette d\u00e9claration de protection des donn\u00e9es afin qu\u2019elle corresponde toujours aux exigences l\u00e9gales en vigueur ou d\u2019apporter des modifications \u00e0 nos services dans la d\u00e9claration de protection des donn\u00e9es, par exemple lors de l\u2019introduction de nouveaux services. La nouvelle d\u00e9claration de protection des donn\u00e9es s\u2019appliquera alors \u00e0 votre prochaine visite.[\/vc_column_text][\/vc_column][\/vc_row]<\/p>\n","protected":false},"excerpt":{"rendered":"<p>[vc_row section_id=\u00a0\u00bbimpressum-fr\u00a0\u00bb][vc_column][vc_column_text css=\u00a0\u00bb.vc_custom_1505730007166{margin-top: 3em !important;margin-bottom: 3em !important;}\u00a0\u00bb]Ockert GmbH Filament-Technologie Siemensstra\u00dfe 1a D-82178 Puchheim T\u00e9l\u00e9phone : +49 89 894083-0 T\u00e9l\u00e9copie : +49 89 894083-20 Courriel : info&#64;&#111;&#99;&#107;&#101;&#114;&#116;&#x2e;&#x6e;&#x65;&#x74; Forme de la soci\u00e9t\u00e9 : GmbH HRB M\u00fcnchen 59968 N\u00b0 TVA : 128 212 367 Directeur g\u00e9n\u00e9ral : Jan Willenbruch (Responsable du contenu) Responsabilit\u00e9 : Malgr\u00e9 un contr\u00f4le minutieux [&hellip;]<\/p>\n","protected":false},"author":3,"featured_media":0,"parent":0,"menu_order":10,"comment_status":"closed","ping_status":"closed","template":"","meta":{"_exactmetrics_skip_tracking":false,"_exactmetrics_sitenote_active":false,"_exactmetrics_sitenote_note":"","_exactmetrics_sitenote_category":0,"footnotes":""},"yst_prominent_words":[],"_links":{"self":[{"href":"https:\/\/lines.climax-fishingline.de\/fr\/wp-json\/wp\/v2\/pages\/4682"}],"collection":[{"href":"https:\/\/lines.climax-fishingline.de\/fr\/wp-json\/wp\/v2\/pages"}],"about":[{"href":"https:\/\/lines.climax-fishingline.de\/fr\/wp-json\/wp\/v2\/types\/page"}],"author":[{"embeddable":true,"href":"https:\/\/lines.climax-fishingline.de\/fr\/wp-json\/wp\/v2\/users\/3"}],"replies":[{"embeddable":true,"href":"https:\/\/lines.climax-fishingline.de\/fr\/wp-json\/wp\/v2\/comments?post=4682"}],"version-history":[{"count":6,"href":"https:\/\/lines.climax-fishingline.de\/fr\/wp-json\/wp\/v2\/pages\/4682\/revisions"}],"predecessor-version":[{"id":4813,"href":"https:\/\/lines.climax-fishingline.de\/fr\/wp-json\/wp\/v2\/pages\/4682\/revisions\/4813"}],"wp:attachment":[{"href":"https:\/\/lines.climax-fishingline.de\/fr\/wp-json\/wp\/v2\/media?parent=4682"}],"wp:term":[{"taxonomy":"yst_prominent_words","embeddable":true,"href":"https:\/\/lines.climax-fishingline.de\/fr\/wp-json\/wp\/v2\/yst_prominent_words?post=4682"}],"curies":[{"name":"wp","href":"https:\/\/api.w.org\/{rel}","templated":true}]}}